{"id":363,"date":"2023-10-25T10:28:56","date_gmt":"2023-10-25T15:28:56","guid":{"rendered":"https:\/\/gdmaduanas.com\/?page_id=363"},"modified":"2023-10-25T11:23:24","modified_gmt":"2023-10-25T16:23:24","slug":"tarifario","status":"publish","type":"page","link":"https:\/\/gdmaduanas.com\/en\/tarifario\/","title":{"rendered":"Rates"},"content":{"rendered":"<div data-elementor-type=\"wp-page\" data-elementor-id=\"363\" class=\"elementor elementor-363\" data-elementor-post-type=\"page\">\n\t\t\t\t<div class=\"elementor-element elementor-element-c22c415 e-flex e-con-boxed e-con e-parent\" data-id=\"c22c415\" data-element_type=\"container\" data-settings=\"{&quot;background_background&quot;:&quot;classic&quot;,&quot;content_width&quot;:&quot;boxed&quot;}\" data-core-v316-plus=\"true\">\n\t\t\t\t\t<div class=\"e-con-inner\">\n\t\t\t\t<div class=\"elementor-element elementor-element-85e937c elementor-widget elementor-widget-heading\" data-id=\"85e937c\" data-element_type=\"widget\" data-widget_type=\"heading.default\">\n\t\t\t\t<div class=\"elementor-widget-container\">\n\t\t\t<style>\/*! elementor - v3.19.0 - 28-02-2024 *\/\n.elementor-heading-title{padding:0;margin:0;line-height:1}.elementor-widget-heading .elementor-heading-title[class*=elementor-size-]>a{color:inherit;font-size:inherit;line-height:inherit}.elementor-widget-heading .elementor-heading-title.elementor-size-small{font-size:15px}.elementor-widget-heading .elementor-heading-title.elementor-size-medium{font-size:19px}.elementor-widget-heading .elementor-heading-title.elementor-size-large{font-size:29px}.elementor-widget-heading .elementor-heading-title.elementor-size-xl{font-size:39px}.elementor-widget-heading .elementor-heading-title.elementor-size-xxl{font-size:59px}<\/style><h1 class=\"elementor-heading-title elementor-size-default\">Customs Tariff<\/h1>\t\t<\/div>\n\t\t\t\t<\/div>\n\t\t\t\t\t<\/div>\n\t\t\t\t<\/div>\n\t\t<div class=\"elementor-element elementor-element-420b74a e-flex e-con-boxed e-con e-parent\" data-id=\"420b74a\" data-element_type=\"container\" data-settings=\"{&quot;content_width&quot;:&quot;boxed&quot;}\" data-core-v316-plus=\"true\">\n\t\t\t\t\t<div class=\"e-con-inner\">\n\t\t\t\t<div class=\"elementor-element elementor-element-f927515 elementor-widget elementor-widget-text-editor\" data-id=\"f927515\" data-element_type=\"widget\" data-widget_type=\"text-editor.default\">\n\t\t\t\t<div class=\"elementor-widget-container\">\n\t\t\t<style>\/*! elementor - v3.19.0 - 28-02-2024 *\/\n.elementor-widget-text-editor.elementor-drop-cap-view-stacked .elementor-drop-cap{background-color:#69727d;color:#fff}.elementor-widget-text-editor.elementor-drop-cap-view-framed .elementor-drop-cap{color:#69727d;border:3px solid;background-color:transparent}.elementor-widget-text-editor:not(.elementor-drop-cap-view-default) .elementor-drop-cap{margin-top:8px}.elementor-widget-text-editor:not(.elementor-drop-cap-view-default) .elementor-drop-cap-letter{width:1em;height:1em}.elementor-widget-text-editor .elementor-drop-cap{float:left;text-align:center;line-height:1;font-size:50px}.elementor-widget-text-editor .elementor-drop-cap-letter{display:inline-block}<\/style>\t\t\t\t<p style=\"margin-block: 0px 0.9rem; font-size: 16px; font-style: normal; font-weight: 400;\">In<span style=\"font-weight: bolder;\">\u00a0GDM Aduanas<\/span>, we offer two types of services for Customs Clearances:<\/p><p style=\"margin-block: 0px 0.9rem; font-size: 16px; font-style: normal; font-weight: 400;\"><span style=\"font-weight: bolder;\"><u>Standard<\/u><\/span>; These are services for Importation for Consumption, Definitive Exportation, Customs Warehousing and other or exceptional regimes.<\/p><p style=\"margin-block: 0px 0.9rem; font-size: 16px; font-style: normal; font-weight: 400;\"><span style=\"font-weight: bolder;\"><u>Additional<\/u><\/span><span style=\"font-weight: bolder;\">:<\/span>\u00a0These are all services other than Standard services whose prices are freely set.<\/p>\t\t\t\t\t\t<\/div>\n\t\t\t\t<\/div>\n\t\t\t\t\t<\/div>\n\t\t\t\t<\/div>\n\t\t<div class=\"elementor-element elementor-element-2fd6d18 e-flex e-con-boxed e-con e-parent\" data-id=\"2fd6d18\" data-element_type=\"container\" data-settings=\"{&quot;content_width&quot;:&quot;boxed&quot;}\" data-core-v316-plus=\"true\">\n\t\t\t\t\t<div class=\"e-con-inner\">\n\t\t\t\t<div class=\"elementor-element elementor-element-66bec4d elementor-widget elementor-widget-heading\" data-id=\"66bec4d\" data-element_type=\"widget\" data-widget_type=\"heading.default\">\n\t\t\t\t<div class=\"elementor-widget-container\">\n\t\t\t<h2 class=\"elementor-heading-title elementor-size-default\">Standard Service:<\/h2>\t\t<\/div>\n\t\t\t\t<\/div>\n\t\t\t\t<div class=\"elementor-element elementor-element-a731858 elementor-widget elementor-widget-text-editor\" data-id=\"a731858\" data-element_type=\"widget\" data-widget_type=\"text-editor.default\">\n\t\t\t\t<div class=\"elementor-widget-container\">\n\t\t\t\t\t\t\t<p>Minimum Commission. USD 280.00<\/p><p>Commission of 0.45% for FOB Values greater than USD 85,000.00<\/p><p>Shipping Costs USD 50.00<\/p><p>Operating Expenses USD 40.00<\/p><p>Physical Capacity USD 50.00<\/p><p>Previous USD 50.00<\/p><p>Extraordinary Service USD 95.00<\/p>\t\t\t\t\t\t<\/div>\n\t\t\t\t<\/div>\n\t\t\t\t\t<\/div>\n\t\t\t\t<\/div>\n\t\t<div class=\"elementor-element elementor-element-4eaa72a e-flex e-con-boxed e-con e-parent\" data-id=\"4eaa72a\" data-element_type=\"container\" data-settings=\"{&quot;content_width&quot;:&quot;boxed&quot;}\" data-core-v316-plus=\"true\">\n\t\t\t\t\t<div class=\"e-con-inner\">\n\t\t\t\t<div class=\"elementor-element elementor-element-bbd04f2 elementor-widget elementor-widget-heading\" data-id=\"bbd04f2\" data-element_type=\"widget\" data-widget_type=\"heading.default\">\n\t\t\t\t<div class=\"elementor-widget-container\">\n\t\t\t<h2 class=\"elementor-heading-title elementor-size-default\">Additional services:<\/h2>\t\t<\/div>\n\t\t\t\t<\/div>\n\t\t\t\t<div class=\"elementor-element elementor-element-7f1f531 elementor-widget elementor-widget-text-editor\" data-id=\"7f1f531\" data-element_type=\"widget\" data-widget_type=\"text-editor.default\">\n\t\t\t\t<div class=\"elementor-widget-container\">\n\t\t\t\t\t\t\t<p>They are all services different from and complementary to the Standard services whose prices are freely set; such as; Comprehensive Logistics Services, Foreign Trade Investment Project Services, Crew Services, Machinery Services, other services related to Foreign Trade and Customs. Etc.<\/p><p><strong><u>OBSERVATIONS:<\/u><\/strong><\/p><p>RATES PLUS VAT<\/p><p><strong>VALID UNTIL 12\/31\/2023<\/strong><\/p><p>RATES SUBJECT TO NEGOTIATION<\/p><p><strong>POINTS TO CONSIDER:<\/strong><\/p><p>The validity of the rates is according to commercial agreements with a semiannual review.<\/p><p>Operating Expenses USD 40.00<\/p><p>Physical Capacity USD 50.00<\/p><p>Previous USD 50.00<\/p><p>Extraordinary Service USD 95.00<\/p>\t\t\t\t\t\t<\/div>\n\t\t\t\t<\/div>\n\t\t\t\t\t<\/div>\n\t\t\t\t<\/div>\n\t\t<div class=\"elementor-element elementor-element-29b60ca e-flex e-con-boxed e-con e-parent\" data-id=\"29b60ca\" data-element_type=\"container\" data-settings=\"{&quot;content_width&quot;:&quot;boxed&quot;}\" data-core-v316-plus=\"true\">\n\t\t\t\t\t<div class=\"e-con-inner\">\n\t\t\t\t<div class=\"elementor-element elementor-element-22420af elementor-widget elementor-widget-heading\" data-id=\"22420af\" data-element_type=\"widget\" data-widget_type=\"heading.default\">\n\t\t\t\t<div class=\"elementor-widget-container\">\n\t\t\t<h2 class=\"elementor-heading-title elementor-size-default\">AVERAGE SERVICE SERVICE TIME<\/h2>\t\t<\/div>\n\t\t\t\t<\/div>\n\t\t\t\t<div class=\"elementor-element elementor-element-422b4e9 elementor-widget elementor-widget-text-editor\" data-id=\"422b4e9\" data-element_type=\"widget\" data-widget_type=\"text-editor.default\">\n\t\t\t\t<div class=\"elementor-widget-container\">\n\t\t\t\t\t\t\t<p><strong>Standard Services:<\/strong><\/p><p>For this type of services in the Customs Clearance once with the complete documentation required by Customs legislation.<\/p><p class=\" translation-block\"><strong>Customs clearance time <\/strong>\u00a0can vary between 24 to 72 hours, depending on the control channel assigned by customs.<\/p><p class=\" translation-block\">The entire process and documentation of the office can be viewed and analyzed by the user through the Tracking icon on our web portal: \u00a0<a href=\"https:\/\/gdmaduanas.com\/\" target=\"_self\">www.gdmaduanas.com<\/a><\/p><p><strong>Additional Services<\/strong><\/p><p>For this type of services, the average time will depend on the type or need of the user, always with the irrevocable commitment to Efficiency, Speed and Security.<\/p>\t\t\t\t\t\t<\/div>\n\t\t\t\t<\/div>\n\t\t\t\t\t<\/div>\n\t\t\t\t<\/div>\n\t\t\t\t<\/div>","protected":false},"excerpt":{"rendered":"<p>Tarifario Aduanero En\u00a0GDM aduanas, ofrecemos dos tipos de servicios para los Despachos Aduaneros: Est\u00e1ndar; son los servicios para Importaci\u00f3n para el Consumo, Exportaci\u00f3n definitiva, Deposito Aduanero y otros reg\u00edmenes o de excepci\u00f3n. Adicionales:\u00a0son todos los servicios distintos a los servicios Est\u00e1ndar cuyos precios se fijan libremente. Servicio Est\u00e1ndar: Comisi\u00f3n M\u00ednima. USD 280.00 Comisi\u00f3n del 0.45% [&hellip;]<\/p>","protected":false},"author":2,"featured_media":0,"parent":0,"menu_order":0,"comment_status":"closed","ping_status":"closed","template":"","meta":{"site-sidebar-layout":"no-sidebar","site-content-layout":"","ast-site-content-layout":"full-width-container","site-content-style":"default","site-sidebar-style":"default","ast-global-header-display":"","ast-banner-title-visibility":"","ast-main-header-display":"","ast-hfb-above-header-display":"","ast-hfb-below-header-display":"","ast-hfb-mobile-header-display":"","site-post-title":"disabled","ast-breadcrumbs-content":"","ast-featured-img":"disabled","footer-sml-layout":"","theme-transparent-header-meta":"","adv-header-id-meta":"","stick-header-meta":"","header-above-stick-meta":"","header-main-stick-meta":"","header-below-stick-meta":"","astra-migrate-meta-layouts":"default","ast-page-background-enabled":"default","ast-page-background-meta":{"desktop":{"background-color":"var(--ast-global-color-4)","background-image":"","background-repeat":"repeat","background-position":"center center","background-size":"auto","background-attachment":"scroll","background-type":"","background-media":"","overlay-type":"","overlay-color":"","overlay-gradient":""},"tablet":{"background-color":"","background-image":"","background-repeat":"repeat","background-position":"center center","background-size":"auto","background-attachment":"scroll","background-type":"","background-media":"","overlay-type":"","overlay-color":"","overlay-gradient":""},"mobile":{"background-color":"","background-image":"","background-repeat":"repeat","background-position":"center center","background-size":"auto","background-attachment":"scroll","background-type":"","background-media":"","overlay-type":"","overlay-color":"","overlay-gradient":""}},"ast-content-background-meta":{"desktop":{"background-color":"var(--ast-global-color-5)","background-image":"","background-repeat":"repeat","background-position":"center center","background-size":"auto","background-attachment":"scroll","background-type":"","background-media":"","overlay-type":"","overlay-color":"","overlay-gradient":""},"tablet":{"background-color":"var(--ast-global-color-5)","background-image":"","background-repeat":"repeat","background-position":"center center","background-size":"auto","background-attachment":"scroll","background-type":"","background-media":"","overlay-type":"","overlay-color":"","overlay-gradient":""},"mobile":{"background-color":"var(--ast-global-color-5)","background-image":"","background-repeat":"repeat","background-position":"center center","background-size":"auto","background-attachment":"scroll","background-type":"","background-media":"","overlay-type":"","overlay-color":"","overlay-gradient":""}},"footnotes":""},"class_list":["post-363","page","type-page","status-publish","hentry"],"_links":{"self":[{"href":"https:\/\/gdmaduanas.com\/en\/wp-json\/wp\/v2\/pages\/363","targetHints":{"allow":["GET"]}}],"collection":[{"href":"https:\/\/gdmaduanas.com\/en\/wp-json\/wp\/v2\/pages"}],"about":[{"href":"https:\/\/gdmaduanas.com\/en\/wp-json\/wp\/v2\/types\/page"}],"author":[{"embeddable":true,"href":"https:\/\/gdmaduanas.com\/en\/wp-json\/wp\/v2\/users\/2"}],"replies":[{"embeddable":true,"href":"https:\/\/gdmaduanas.com\/en\/wp-json\/wp\/v2\/comments?post=363"}],"version-history":[{"count":10,"href":"https:\/\/gdmaduanas.com\/en\/wp-json\/wp\/v2\/pages\/363\/revisions"}],"predecessor-version":[{"id":375,"href":"https:\/\/gdmaduanas.com\/en\/wp-json\/wp\/v2\/pages\/363\/revisions\/375"}],"wp:attachment":[{"href":"https:\/\/gdmaduanas.com\/en\/wp-json\/wp\/v2\/media?parent=363"}],"curies":[{"name":"wp","href":"https:\/\/api.w.org\/{rel}","templated":true}]}}